{"id":3,"date":"2022-02-09T11:36:22","date_gmt":"2022-02-09T11:36:22","guid":{"rendered":"https:\/\/recantodosmouros.com\/?page_id=3"},"modified":"2022-07-16T08:35:55","modified_gmt":"2022-07-16T08:35:55","slug":"politica-de-privacidade","status":"publish","type":"page","link":"https:\/\/recantodosmouros.com\/en\/politica-de-privacidade\/","title":{"rendered":"Privacy Policy"},"content":{"rendered":"<p>A sua privacidade \u00e9 muito importante para n\u00f3s. Respeitamo-la, e estamos empenhados em proteg\u00ea-la.<\/p>\n\n\n\n<p>Comprometemo-nos a respeitar sempre o previsto na Lei de Prote\u00e7\u00e3o de Dados Pessoais \u2013&nbsp;<a href=\"http:\/\/www.cnpd.pt\/bin\/legis\/nacional\/lei_6798.htm\">Lei n.\u00ba 67\/98<\/a>, de 26 de Outubro.<\/p>\n\n\n\n<p>A utiliza\u00e7\u00e3o deste s\u00edtio na Internet implica a aceita\u00e7\u00e3o da presente Pol\u00edtica de Privacidade.<\/p>\n\n\n\n<p><strong>Confidencialidade dos Dados<\/strong><br>Solicitamos informa\u00e7\u00f5es de identifica\u00e7\u00e3o pessoal sempre que utiliza o nosso formul\u00e1rio de contacto.<\/p>\n\n\n\n<p>De igual modo, sempre que visita o nosso site, \u00e9 instalado um&nbsp;<em>cookie<\/em>&nbsp;no seu computador. Um&nbsp;<em>cookie<\/em>&nbsp;\u00e9 um ficheiro de texto que um site envia para o seu&nbsp;<em>browser<\/em>. Estes ficheiros permitem que um&nbsp;<em>site<\/em>&nbsp;personalize as informa\u00e7\u00f5es que lhe s\u00e3o apresentadas, com base nas suas prefer\u00eancias de navega\u00e7\u00e3o. Poder\u00e1 optar por n\u00e3o receber&nbsp;<em>cookies<\/em>&nbsp;no seu&nbsp;<em>browser<\/em>, acedendo \u00e0s configura\u00e7\u00f5es do mesmo.<\/p>\n\n\n\n<p>Este site tamb\u00e9m utiliza&nbsp;<em>cookies<\/em>&nbsp;para rastrear as visitas. As informa\u00e7\u00f5es recolhidas ajudam-nos a optimizar o conte\u00fado, navega\u00e7\u00e3o,&nbsp;<em>layout<\/em>&nbsp;e desempenho do site, para que lhe possamos proporcionar o melhor servi\u00e7o poss\u00edvel.<\/p>\n\n\n\n<p>N\u00e3o facultamos a terceiros, sob circunst\u00e2ncia alguma, as suas informa\u00e7\u00f5es pessoais, sem previamente o informarmos, e sempre em conformidade com a legisla\u00e7\u00e3o actualmente em vigor relativa \u00e0 protec\u00e7\u00e3o das informa\u00e7\u00f5es pessoais.<\/p>\n\n\n\n<p>As suas informa\u00e7\u00f5es pessoais poder\u00e3o ser transmitidas a fornecedores externos subcontratados para determinados servi\u00e7os, aos quais exigimos que as mantenham igualmente confidenciais.<\/p>\n\n\n\n<p><strong>Controlo sobre os seus dados<\/strong><br>Facultamos a todos os clientes a possibilidade de rever, alterar, ou anular os seus dados pessoais contidos na nossa base de dados. Para tal basta contactar-nos por e-mail pelo endere\u00e7o&nbsp;<a href=\"mailto:info@recantodosmouros.com\">info@recantodosmouros.com<\/a>&nbsp;e sugerir a altera\u00e7\u00e3o desejada.<\/p>\n\n\n\n<p><strong>Formas de contacto com o cliente<\/strong><br>Poder\u00e1 solicitar informa\u00e7\u00f5es por e-mail, utilizando o nosso formul\u00e1rio de contacto, ou por telefone.<\/p>\n\n\n\n<p><strong>Links a Sites Terceiros<\/strong><br>De forma a melhorar os servi\u00e7os oferecidos no nosso site, poderemos incluir liga\u00e7\u00f5es para sites de terceiros. N\u00e3o nos podemos responsabilizar pelas pol\u00edticas de privacidade, conte\u00fado ou actividade de tais sites.<\/p>\n\n\n\n<p><strong>Altera\u00e7\u00f5es \u00e0 Pol\u00edtica de Privacidade<\/strong><br>Quaisquer mudan\u00e7as realizadas na presente Pol\u00edtica de Privacidade ser\u00e3o descriminadas nesta p\u00e1gina.<\/p>\n\n\n\n<p><strong>Contacte-nos<\/strong><br>Para quaisquer quest\u00f5es relativas a esta Pol\u00edtica de Privacidade e aspectos de privacidade dos nossos servi\u00e7os, ou para efectuar uma reclama\u00e7\u00e3o, \u00e9 favor contactar:<\/p>\n\n\n\n<p>Monte Branco, Silves<br>8300-034 SILVES<br>Tel.: (+351) 282 443 240<br>E-mail: <a href=\"mailto:info@recantodosmouros.com\">info@recantodosmouros.com<\/a><\/p>\n\n\n\n<p><\/p>\n\n\n\n<p><\/p>","protected":false},"excerpt":{"rendered":"<p>A sua privacidade \u00e9 muito importante para n\u00f3s. Respeitamo-la, e estamos empenhados em proteg\u00ea-la. Comprometemo-nos a respeitar sempre o previsto na Lei de Prote\u00e7\u00e3o de Dados Pessoais \u2013&nbsp;Lei n.\u00ba 67\/98, de 26 de Outubro. A utiliza\u00e7\u00e3o deste s\u00edtio na Internet implica a aceita\u00e7\u00e3o da presente Pol\u00edtica de Privacidade. Confidencialidade dos DadosSolicitamos informa\u00e7\u00f5es de identifica\u00e7\u00e3o pessoal sempre que utiliza o nosso [&hellip;]<\/p>","protected":false},"author":1,"featured_media":0,"parent":0,"menu_order":0,"comment_status":"closed","ping_status":"closed","template":"","meta":{"footnotes":""},"class_list":["post-3","page","type-page","status-publish","hentry"],"yoast_head":"<!-- This site is optimized with the Yoast SEO plugin v20.0 - https:\/\/yoast.com\/wordpress\/plugins\/seo\/ -->\n<title>Pol\u00edtica de Privacidade - Recantos dos Mouros<\/title>\n<meta name=\"robots\" content=\"index, follow, max-snippet:-1, max-image-preview:large, max-video-preview:-1\" \/>\n<link rel=\"canonical\" href=\"https:\/\/recantodosmouros.com\/en\/politica-de-privacidade\/\" \/>\n<meta property=\"og:locale\" content=\"en_GB\" \/>\n<meta property=\"og:type\" content=\"article\" \/>\n<meta property=\"og:title\" content=\"Pol\u00edtica de Privacidade - Recantos dos Mouros\" \/>\n<meta property=\"og:description\" content=\"A sua privacidade \u00e9 muito importante para n\u00f3s. Respeitamo-la, e estamos empenhados em proteg\u00ea-la. Comprometemo-nos a respeitar sempre o previsto na Lei de Prote\u00e7\u00e3o de Dados Pessoais \u2013&nbsp;Lei n.\u00ba 67\/98, de 26 de Outubro. A utiliza\u00e7\u00e3o deste s\u00edtio na Internet implica a aceita\u00e7\u00e3o da presente Pol\u00edtica de Privacidade. Confidencialidade dos DadosSolicitamos informa\u00e7\u00f5es de identifica\u00e7\u00e3o pessoal sempre que utiliza o nosso [&hellip;]\" \/>\n<meta property=\"og:url\" content=\"https:\/\/recantodosmouros.com\/en\/politica-de-privacidade\/\" \/>\n<meta property=\"og:site_name\" content=\"Recantos dos Mouros\" \/>\n<meta property=\"article:modified_time\" content=\"2022-07-16T08:35:55+00:00\" \/>\n<meta name=\"twitter:card\" content=\"summary_large_image\" \/>\n<meta name=\"twitter:label1\" content=\"Estimated reading time\" \/>\n\t<meta name=\"twitter:data1\" content=\"3 minutes\" \/>\n<script type=\"application\/ld+json\" class=\"yoast-schema-graph\">{\"@context\":\"https:\/\/schema.org\",\"@graph\":[{\"@type\":\"WebPage\",\"@id\":\"https:\/\/recantodosmouros.com\/politica-de-privacidade\/\",\"url\":\"https:\/\/recantodosmouros.com\/politica-de-privacidade\/\",\"name\":\"Pol\u00edtica de Privacidade - Recantos dos Mouros\",\"isPartOf\":{\"@id\":\"https:\/\/recantodosmouros.com\/#website\"},\"datePublished\":\"2022-02-09T11:36:22+00:00\",\"dateModified\":\"2022-07-16T08:35:55+00:00\",\"breadcrumb\":{\"@id\":\"https:\/\/recantodosmouros.com\/politica-de-privacidade\/#breadcrumb\"},\"inLanguage\":\"en-GB\",\"potentialAction\":[{\"@type\":\"ReadAction\",\"target\":[\"https:\/\/recantodosmouros.com\/politica-de-privacidade\/\"]}]},{\"@type\":\"BreadcrumbList\",\"@id\":\"https:\/\/recantodosmouros.com\/politica-de-privacidade\/#breadcrumb\",\"itemListElement\":[{\"@type\":\"ListItem\",\"position\":1,\"name\":\"In\u00edcio\",\"item\":\"https:\/\/recantodosmouros.com\/\"},{\"@type\":\"ListItem\",\"position\":2,\"name\":\"Pol\u00edtica de Privacidade\"}]},{\"@type\":\"WebSite\",\"@id\":\"https:\/\/recantodosmouros.com\/#website\",\"url\":\"https:\/\/recantodosmouros.com\/\",\"name\":\"Recantos dos Mouros\",\"description\":\"Restaurante em Silves\",\"potentialAction\":[{\"@type\":\"SearchAction\",\"target\":{\"@type\":\"EntryPoint\",\"urlTemplate\":\"https:\/\/recantodosmouros.com\/?s={search_term_string}\"},\"query-input\":\"required name=search_term_string\"}],\"inLanguage\":\"en-GB\"}]}<\/script>\n<!-- \/ Yoast SEO plugin. -->","yoast_head_json":{"title":"Pol\u00edtica de Privacidade - Recantos dos Mouros","robots":{"index":"index","follow":"follow","max-snippet":"max-snippet:-1","max-image-preview":"max-image-preview:large","max-video-preview":"max-video-preview:-1"},"canonical":"https:\/\/recantodosmouros.com\/en\/politica-de-privacidade\/","og_locale":"en_GB","og_type":"article","og_title":"Pol\u00edtica de Privacidade - Recantos dos Mouros","og_description":"A sua privacidade \u00e9 muito importante para n\u00f3s. Respeitamo-la, e estamos empenhados em proteg\u00ea-la. Comprometemo-nos a respeitar sempre o previsto na Lei de Prote\u00e7\u00e3o de Dados Pessoais \u2013&nbsp;Lei n.\u00ba 67\/98, de 26 de Outubro. A utiliza\u00e7\u00e3o deste s\u00edtio na Internet implica a aceita\u00e7\u00e3o da presente Pol\u00edtica de Privacidade. Confidencialidade dos DadosSolicitamos informa\u00e7\u00f5es de identifica\u00e7\u00e3o pessoal sempre que utiliza o nosso [&hellip;]","og_url":"https:\/\/recantodosmouros.com\/en\/politica-de-privacidade\/","og_site_name":"Recantos dos Mouros","article_modified_time":"2022-07-16T08:35:55+00:00","twitter_card":"summary_large_image","twitter_misc":{"Estimated reading time":"3 minutes"},"schema":{"@context":"https:\/\/schema.org","@graph":[{"@type":"WebPage","@id":"https:\/\/recantodosmouros.com\/politica-de-privacidade\/","url":"https:\/\/recantodosmouros.com\/politica-de-privacidade\/","name":"Pol\u00edtica de Privacidade - Recantos dos Mouros","isPartOf":{"@id":"https:\/\/recantodosmouros.com\/#website"},"datePublished":"2022-02-09T11:36:22+00:00","dateModified":"2022-07-16T08:35:55+00:00","breadcrumb":{"@id":"https:\/\/recantodosmouros.com\/politica-de-privacidade\/#breadcrumb"},"inLanguage":"en-GB","potentialAction":[{"@type":"ReadAction","target":["https:\/\/recantodosmouros.com\/politica-de-privacidade\/"]}]},{"@type":"BreadcrumbList","@id":"https:\/\/recantodosmouros.com\/politica-de-privacidade\/#breadcrumb","itemListElement":[{"@type":"ListItem","position":1,"name":"In\u00edcio","item":"https:\/\/recantodosmouros.com\/"},{"@type":"ListItem","position":2,"name":"Pol\u00edtica de Privacidade"}]},{"@type":"WebSite","@id":"https:\/\/recantodosmouros.com\/#website","url":"https:\/\/recantodosmouros.com\/","name":"Recantos dos Mouros","description":"Restaurante em Silves","potentialAction":[{"@type":"SearchAction","target":{"@type":"EntryPoint","urlTemplate":"https:\/\/recantodosmouros.com\/?s={search_term_string}"},"query-input":"required name=search_term_string"}],"inLanguage":"en-GB"}]}},"_links":{"self":[{"href":"https:\/\/recantodosmouros.com\/en\/wp-json\/wp\/v2\/pages\/3","targetHints":{"allow":["GET"]}}],"collection":[{"href":"https:\/\/recantodosmouros.com\/en\/wp-json\/wp\/v2\/pages"}],"about":[{"href":"https:\/\/recantodosmouros.com\/en\/wp-json\/wp\/v2\/types\/page"}],"author":[{"embeddable":true,"href":"https:\/\/recantodosmouros.com\/en\/wp-json\/wp\/v2\/users\/1"}],"replies":[{"embeddable":true,"href":"https:\/\/recantodosmouros.com\/en\/wp-json\/wp\/v2\/comments?post=3"}],"version-history":[{"count":6,"href":"https:\/\/recantodosmouros.com\/en\/wp-json\/wp\/v2\/pages\/3\/revisions"}],"predecessor-version":[{"id":9211,"href":"https:\/\/recantodosmouros.com\/en\/wp-json\/wp\/v2\/pages\/3\/revisions\/9211"}],"wp:attachment":[{"href":"https:\/\/recantodosmouros.com\/en\/wp-json\/wp\/v2\/media?parent=3"}],"curies":[{"name":"wp","href":"https:\/\/api.w.org\/{rel}","templated":true}]}}